{"id":12398,"date":"2024-11-19T19:32:44","date_gmt":"2024-11-19T18:32:44","guid":{"rendered":"https:\/\/xexo.io\/pl\/i\/maszyna-deziviarska-welniana-cylinder-krosna-swater-dorosly-dzieci-leniwy-artykul-boze-narodzenie\/"},"modified":"2024-11-19T19:32:44","modified_gmt":"2024-11-19T18:32:44","slug":"maszyna-deziviarska-welniana-cylinder-krosna-swater-dorosly-dzieci-leniwy-artykul-boze-narodzenie","status":"publish","type":"product","link":"https:\/\/xexo.io\/pl\/i\/maszyna-deziviarska-welniana-cylinder-krosna-swater-dorosly-dzieci-leniwy-artykul-boze-narodzenie\/","title":{"rendered":"&#8222;Maszyna Deziviarska We\u0142niana Cylinder Krosna Swater Doros\u0142y Dzieci Leniwy Artyku\u0142 Bo\u017ce Narodzenie&#8221;"},"content":{"rendered":"","protected":false},"excerpt":{"rendered":"","protected":false},"featured_media":12397,"comment_status":"open","ping_status":"closed","template":"","meta":[],"product_cat":[1042],"product_tag":[],"class_list":{"0":"post-12398","1":"product","2":"type-product","3":"status-publish","4":"has-post-thumbnail","6":"product_cat-artscrafts-sewing","8":"first","9":"instock","10":"sale","11":"shipping-taxable","12":"product-type-external"},"_links":{"self":[{"href":"https:\/\/xexo.io\/pl\/wp-json\/wp\/v2\/product\/12398","targetHints":{"allow":["GET"]}}],"collection":[{"href":"https:\/\/xexo.io\/pl\/wp-json\/wp\/v2\/product"}],"about":[{"href":"https:\/\/xexo.io\/pl\/wp-json\/wp\/v2\/types\/product"}],"replies":[{"embeddable":true,"href":"https:\/\/xexo.io\/pl\/wp-json\/wp\/v2\/comments?post=12398"}],"wp:featuredmedia":[{"embeddable":true,"href":"https:\/\/xexo.io\/pl\/wp-json\/wp\/v2\/media\/12397"}],"wp:attachment":[{"href":"https:\/\/xexo.io\/pl\/wp-json\/wp\/v2\/media?parent=12398"}],"wp:term":[{"taxonomy":"product_cat","embeddable":true,"href":"https:\/\/xexo.io\/pl\/wp-json\/wp\/v2\/product_cat?post=12398"},{"taxonomy":"product_tag","embeddable":true,"href":"https:\/\/xexo.io\/pl\/wp-json\/wp\/v2\/product_tag?post=12398"}],"curies":[{"name":"wp","href":"https:\/\/api.w.org\/{rel}","templated":true}]}}