{"id":12356,"date":"2024-11-19T15:21:07","date_gmt":"2024-11-19T14:21:07","guid":{"rendered":"https:\/\/xexo.io\/pl\/i\/reborn-baby-doll-laka-miekka\/"},"modified":"2024-11-19T15:21:07","modified_gmt":"2024-11-19T14:21:07","slug":"reborn-baby-doll-laka-miekka","status":"publish","type":"product","link":"https:\/\/xexo.io\/pl\/i\/reborn-baby-doll-laka-miekka\/","title":{"rendered":"Reborn Baby Doll \u0141\u0105ka Mi\u0119kka"},"content":{"rendered":"","protected":false},"excerpt":{"rendered":"","protected":false},"featured_media":12355,"comment_status":"open","ping_status":"closed","template":"","meta":[],"product_cat":[1095],"product_tag":[],"class_list":{"0":"post-12356","1":"product","2":"type-product","3":"status-publish","4":"has-post-thumbnail","6":"product_cat-dolls-accessories","8":"first","9":"instock","10":"shipping-taxable","11":"product-type-external"},"_links":{"self":[{"href":"https:\/\/xexo.io\/pl\/wp-json\/wp\/v2\/product\/12356","targetHints":{"allow":["GET"]}}],"collection":[{"href":"https:\/\/xexo.io\/pl\/wp-json\/wp\/v2\/product"}],"about":[{"href":"https:\/\/xexo.io\/pl\/wp-json\/wp\/v2\/types\/product"}],"replies":[{"embeddable":true,"href":"https:\/\/xexo.io\/pl\/wp-json\/wp\/v2\/comments?post=12356"}],"wp:featuredmedia":[{"embeddable":true,"href":"https:\/\/xexo.io\/pl\/wp-json\/wp\/v2\/media\/12355"}],"wp:attachment":[{"href":"https:\/\/xexo.io\/pl\/wp-json\/wp\/v2\/media?parent=12356"}],"wp:term":[{"taxonomy":"product_cat","embeddable":true,"href":"https:\/\/xexo.io\/pl\/wp-json\/wp\/v2\/product_cat?post=12356"},{"taxonomy":"product_tag","embeddable":true,"href":"https:\/\/xexo.io\/pl\/wp-json\/wp\/v2\/product_tag?post=12356"}],"curies":[{"name":"wp","href":"https:\/\/api.w.org\/{rel}","templated":true}]}}