{"id":12350,"date":"2024-11-19T15:20:53","date_gmt":"2024-11-19T14:20:53","guid":{"rendered":"https:\/\/xexo.io\/pl\/i\/buty-trekkingowe-hikeup-skorzane-wysokiej-jakosci-wytrzymale\/"},"modified":"2024-11-19T15:20:53","modified_gmt":"2024-11-19T14:20:53","slug":"buty-trekkingowe-hikeup-skorzane-wysokiej-jakosci-wytrzymale","status":"publish","type":"product","link":"https:\/\/xexo.io\/pl\/i\/buty-trekkingowe-hikeup-skorzane-wysokiej-jakosci-wytrzymale\/","title":{"rendered":"Buty trekkingowe HIKEUP: Sk\u00f3rzane, wysokiej jako\u015bci, wytrzyma\u0142e"},"content":{"rendered":"","protected":false},"excerpt":{"rendered":"","protected":false},"featured_media":12349,"comment_status":"open","ping_status":"closed","template":"","meta":[],"product_cat":[1456],"product_tag":[],"class_list":{"0":"post-12350","1":"product","2":"type-product","3":"status-publish","4":"has-post-thumbnail","6":"product_cat-sneakers","8":"first","9":"instock","10":"sale","11":"shipping-taxable","12":"product-type-external"},"_links":{"self":[{"href":"https:\/\/xexo.io\/pl\/wp-json\/wp\/v2\/product\/12350","targetHints":{"allow":["GET"]}}],"collection":[{"href":"https:\/\/xexo.io\/pl\/wp-json\/wp\/v2\/product"}],"about":[{"href":"https:\/\/xexo.io\/pl\/wp-json\/wp\/v2\/types\/product"}],"replies":[{"embeddable":true,"href":"https:\/\/xexo.io\/pl\/wp-json\/wp\/v2\/comments?post=12350"}],"wp:featuredmedia":[{"embeddable":true,"href":"https:\/\/xexo.io\/pl\/wp-json\/wp\/v2\/media\/12349"}],"wp:attachment":[{"href":"https:\/\/xexo.io\/pl\/wp-json\/wp\/v2\/media?parent=12350"}],"wp:term":[{"taxonomy":"product_cat","embeddable":true,"href":"https:\/\/xexo.io\/pl\/wp-json\/wp\/v2\/product_cat?post=12350"},{"taxonomy":"product_tag","embeddable":true,"href":"https:\/\/xexo.io\/pl\/wp-json\/wp\/v2\/product_tag?post=12350"}],"curies":[{"name":"wp","href":"https:\/\/api.w.org\/{rel}","templated":true}]}}