{"id":12336,"date":"2024-11-19T15:20:25","date_gmt":"2024-11-19T14:20:25","guid":{"rendered":"https:\/\/xexo.io\/pl\/i\/led-oswietlony-nadmuchiwany-dziadek-zdobnictwo-swiateczne-dla-domu-i-ogrodu\/"},"modified":"2024-11-19T15:20:25","modified_gmt":"2024-11-19T14:20:25","slug":"led-oswietlony-nadmuchiwany-dziadek-zdobnictwo-swiateczne-dla-domu-i-ogrodu","status":"publish","type":"product","link":"https:\/\/xexo.io\/pl\/i\/led-oswietlony-nadmuchiwany-dziadek-zdobnictwo-swiateczne-dla-domu-i-ogrodu\/","title":{"rendered":"&#8222;LED O\u015bwietlony Nadmuchiwany Dziadek: Zdobnictwo \u015awi\u0105teczne dla Domu i Ogrodu&#8221;"},"content":{"rendered":"","protected":false},"excerpt":{"rendered":"","protected":false},"featured_media":12335,"comment_status":"open","ping_status":"closed","template":"","meta":[],"product_cat":[1099],"product_tag":[],"class_list":{"0":"post-12336","1":"product","2":"type-product","3":"status-publish","4":"has-post-thumbnail","6":"product_cat-outdoor-fun-sports","8":"first","9":"instock","10":"shipping-taxable","11":"product-type-external"},"_links":{"self":[{"href":"https:\/\/xexo.io\/pl\/wp-json\/wp\/v2\/product\/12336","targetHints":{"allow":["GET"]}}],"collection":[{"href":"https:\/\/xexo.io\/pl\/wp-json\/wp\/v2\/product"}],"about":[{"href":"https:\/\/xexo.io\/pl\/wp-json\/wp\/v2\/types\/product"}],"replies":[{"embeddable":true,"href":"https:\/\/xexo.io\/pl\/wp-json\/wp\/v2\/comments?post=12336"}],"wp:featuredmedia":[{"embeddable":true,"href":"https:\/\/xexo.io\/pl\/wp-json\/wp\/v2\/media\/12335"}],"wp:attachment":[{"href":"https:\/\/xexo.io\/pl\/wp-json\/wp\/v2\/media?parent=12336"}],"wp:term":[{"taxonomy":"product_cat","embeddable":true,"href":"https:\/\/xexo.io\/pl\/wp-json\/wp\/v2\/product_cat?post=12336"},{"taxonomy":"product_tag","embeddable":true,"href":"https:\/\/xexo.io\/pl\/wp-json\/wp\/v2\/product_tag?post=12336"}],"curies":[{"name":"wp","href":"https:\/\/api.w.org\/{rel}","templated":true}]}}