{"id":12322,"date":"2024-11-19T15:19:55","date_gmt":"2024-11-19T14:19:55","guid":{"rendered":"https:\/\/xexo.io\/pl\/i\/poco-x6-pro-5g-smartfon-ultra-szybkosc-doskonaly-wyglad\/"},"modified":"2024-11-19T15:19:55","modified_gmt":"2024-11-19T14:19:55","slug":"poco-x6-pro-5g-smartfon-ultra-szybkosc-doskonaly-wyglad","status":"publish","type":"product","link":"https:\/\/xexo.io\/pl\/i\/poco-x6-pro-5g-smartfon-ultra-szybkosc-doskonaly-wyglad\/","title":{"rendered":"POCO X6 Pro 5G Smartfon: Ultra Szybko\u015b\u0107, Doskona\u0142y Wygl\u0105d"},"content":{"rendered":"","protected":false},"excerpt":{"rendered":"","protected":false},"featured_media":12321,"comment_status":"open","ping_status":"closed","template":"","meta":[],"product_cat":[1228],"product_tag":[],"class_list":{"0":"post-12322","1":"product","2":"type-product","3":"status-publish","4":"has-post-thumbnail","6":"product_cat-mobile-phones","8":"first","9":"instock","10":"sale","11":"shipping-taxable","12":"product-type-external"},"_links":{"self":[{"href":"https:\/\/xexo.io\/pl\/wp-json\/wp\/v2\/product\/12322","targetHints":{"allow":["GET"]}}],"collection":[{"href":"https:\/\/xexo.io\/pl\/wp-json\/wp\/v2\/product"}],"about":[{"href":"https:\/\/xexo.io\/pl\/wp-json\/wp\/v2\/types\/product"}],"replies":[{"embeddable":true,"href":"https:\/\/xexo.io\/pl\/wp-json\/wp\/v2\/comments?post=12322"}],"wp:featuredmedia":[{"embeddable":true,"href":"https:\/\/xexo.io\/pl\/wp-json\/wp\/v2\/media\/12321"}],"wp:attachment":[{"href":"https:\/\/xexo.io\/pl\/wp-json\/wp\/v2\/media?parent=12322"}],"wp:term":[{"taxonomy":"product_cat","embeddable":true,"href":"https:\/\/xexo.io\/pl\/wp-json\/wp\/v2\/product_cat?post=12322"},{"taxonomy":"product_tag","embeddable":true,"href":"https:\/\/xexo.io\/pl\/wp-json\/wp\/v2\/product_tag?post=12322"}],"curies":[{"name":"wp","href":"https:\/\/api.w.org\/{rel}","templated":true}]}}