{"id":12312,"date":"2024-11-19T15:19:26","date_gmt":"2024-11-19T14:19:26","guid":{"rendered":"https:\/\/xexo.io\/pl\/i\/ciepla-prasa-t-shirt-przenoszenie-tejla-latwy-druk\/"},"modified":"2024-11-19T15:19:26","modified_gmt":"2024-11-19T14:19:26","slug":"ciepla-prasa-t-shirt-przenoszenie-tejla-latwy-druk","status":"publish","type":"product","link":"https:\/\/xexo.io\/pl\/i\/ciepla-prasa-t-shirt-przenoszenie-tejla-latwy-druk\/","title":{"rendered":"&#8222;Ciep\u0142a Prasa T-Shirt &#8211; Przenoszenie Tej\u0142a, \u0141atwy Druk&#8221;"},"content":{"rendered":"","protected":false},"excerpt":{"rendered":"","protected":false},"featured_media":12311,"comment_status":"open","ping_status":"closed","template":"","meta":[],"product_cat":[998],"product_tag":[],"class_list":{"0":"post-12312","1":"product","2":"type-product","3":"status-publish","4":"has-post-thumbnail","6":"product_cat-office-electronics","8":"first","9":"instock","10":"sale","11":"shipping-taxable","12":"product-type-external"},"_links":{"self":[{"href":"https:\/\/xexo.io\/pl\/wp-json\/wp\/v2\/product\/12312","targetHints":{"allow":["GET"]}}],"collection":[{"href":"https:\/\/xexo.io\/pl\/wp-json\/wp\/v2\/product"}],"about":[{"href":"https:\/\/xexo.io\/pl\/wp-json\/wp\/v2\/types\/product"}],"replies":[{"embeddable":true,"href":"https:\/\/xexo.io\/pl\/wp-json\/wp\/v2\/comments?post=12312"}],"wp:featuredmedia":[{"embeddable":true,"href":"https:\/\/xexo.io\/pl\/wp-json\/wp\/v2\/media\/12311"}],"wp:attachment":[{"href":"https:\/\/xexo.io\/pl\/wp-json\/wp\/v2\/media?parent=12312"}],"wp:term":[{"taxonomy":"product_cat","embeddable":true,"href":"https:\/\/xexo.io\/pl\/wp-json\/wp\/v2\/product_cat?post=12312"},{"taxonomy":"product_tag","embeddable":true,"href":"https:\/\/xexo.io\/pl\/wp-json\/wp\/v2\/product_tag?post=12312"}],"curies":[{"name":"wp","href":"https:\/\/api.w.org\/{rel}","templated":true}]}}