{"id":12220,"date":"2024-11-19T14:53:00","date_gmt":"2024-11-19T13:53:00","guid":{"rendered":"https:\/\/xexo.io\/pl\/i\/lozko-dla-psow-komfortowy-kosz-na-sofe-lub-podlokietnik\/"},"modified":"2024-11-19T14:53:00","modified_gmt":"2024-11-19T13:53:00","slug":"lozko-dla-psow-komfortowy-kosz-na-sofe-lub-podlokietnik","status":"publish","type":"product","link":"https:\/\/xexo.io\/pl\/i\/lozko-dla-psow-komfortowy-kosz-na-sofe-lub-podlokietnik\/","title":{"rendered":"&#8222;\u0141\u00f3\u017cko dla Ps\u00f3w: Komfortowy Kosz na Sof\u0119 lub Pod\u0142okietnik&#8221;"},"content":{"rendered":"","protected":false},"excerpt":{"rendered":"","protected":false},"featured_media":12219,"comment_status":"open","ping_status":"closed","template":"","meta":[],"product_cat":[1044],"product_tag":[],"class_list":{"0":"post-12220","1":"product","2":"type-product","3":"status-publish","4":"has-post-thumbnail","6":"product_cat-pet-products","8":"first","9":"instock","10":"sale","11":"shipping-taxable","12":"product-type-external"},"_links":{"self":[{"href":"https:\/\/xexo.io\/pl\/wp-json\/wp\/v2\/product\/12220","targetHints":{"allow":["GET"]}}],"collection":[{"href":"https:\/\/xexo.io\/pl\/wp-json\/wp\/v2\/product"}],"about":[{"href":"https:\/\/xexo.io\/pl\/wp-json\/wp\/v2\/types\/product"}],"replies":[{"embeddable":true,"href":"https:\/\/xexo.io\/pl\/wp-json\/wp\/v2\/comments?post=12220"}],"wp:featuredmedia":[{"embeddable":true,"href":"https:\/\/xexo.io\/pl\/wp-json\/wp\/v2\/media\/12219"}],"wp:attachment":[{"href":"https:\/\/xexo.io\/pl\/wp-json\/wp\/v2\/media?parent=12220"}],"wp:term":[{"taxonomy":"product_cat","embeddable":true,"href":"https:\/\/xexo.io\/pl\/wp-json\/wp\/v2\/product_cat?post=12220"},{"taxonomy":"product_tag","embeddable":true,"href":"https:\/\/xexo.io\/pl\/wp-json\/wp\/v2\/product_tag?post=12220"}],"curies":[{"name":"wp","href":"https:\/\/api.w.org\/{rel}","templated":true}]}}