{"id":12176,"date":"2024-11-19T14:45:04","date_gmt":"2024-11-19T13:45:04","guid":{"rendered":"https:\/\/xexo.io\/pl\/i\/nianiacz-video-baby-monitor-2-4ghz-lcd-3-2-duzy-wyswietlacz-dwojaka-rozmowe-audio-noktowizor\/"},"modified":"2024-11-19T14:45:04","modified_gmt":"2024-11-19T13:45:04","slug":"nianiacz-video-baby-monitor-2-4ghz-lcd-3-2-duzy-wyswietlacz-dwojaka-rozmowe-audio-noktowizor","status":"publish","type":"product","link":"https:\/\/xexo.io\/pl\/i\/nianiacz-video-baby-monitor-2-4ghz-lcd-3-2-duzy-wyswietlacz-dwojaka-rozmowe-audio-noktowizor\/","title":{"rendered":"Nianiacz Video Baby Monitor 2.4GHz LCD 3.2&#8243; Du\u017cy Wy\u015bwietlacz Dwojak\u0105 Rozmow\u0119 Audio Noktowizor"},"content":{"rendered":"","protected":false},"excerpt":{"rendered":"","protected":false},"featured_media":12175,"comment_status":"open","ping_status":"closed","template":"","meta":[],"product_cat":[1119],"product_tag":[],"class_list":{"0":"post-12176","1":"product","2":"type-product","3":"status-publish","4":"has-post-thumbnail","6":"product_cat-video-surveillance","8":"first","9":"instock","10":"sale","11":"shipping-taxable","12":"product-type-external"},"_links":{"self":[{"href":"https:\/\/xexo.io\/pl\/wp-json\/wp\/v2\/product\/12176","targetHints":{"allow":["GET"]}}],"collection":[{"href":"https:\/\/xexo.io\/pl\/wp-json\/wp\/v2\/product"}],"about":[{"href":"https:\/\/xexo.io\/pl\/wp-json\/wp\/v2\/types\/product"}],"replies":[{"embeddable":true,"href":"https:\/\/xexo.io\/pl\/wp-json\/wp\/v2\/comments?post=12176"}],"wp:featuredmedia":[{"embeddable":true,"href":"https:\/\/xexo.io\/pl\/wp-json\/wp\/v2\/media\/12175"}],"wp:attachment":[{"href":"https:\/\/xexo.io\/pl\/wp-json\/wp\/v2\/media?parent=12176"}],"wp:term":[{"taxonomy":"product_cat","embeddable":true,"href":"https:\/\/xexo.io\/pl\/wp-json\/wp\/v2\/product_cat?post=12176"},{"taxonomy":"product_tag","embeddable":true,"href":"https:\/\/xexo.io\/pl\/wp-json\/wp\/v2\/product_tag?post=12176"}],"curies":[{"name":"wp","href":"https:\/\/api.w.org\/{rel}","templated":true}]}}