{"id":12166,"date":"2024-11-19T14:44:44","date_gmt":"2024-11-19T13:44:44","guid":{"rendered":"https:\/\/xexo.io\/pl\/i\/aneng-681-multimetr-bezkontaktowy-dla-ponownych-ladowan-tester-napiecia-ac-i-woltomierz-dla-pradu-stalego-z-ekranem-lcd\/"},"modified":"2024-11-19T14:44:44","modified_gmt":"2024-11-19T13:44:44","slug":"aneng-681-multimetr-bezkontaktowy-dla-ponownych-ladowan-tester-napiecia-ac-i-woltomierz-dla-pradu-stalego-z-ekranem-lcd","status":"publish","type":"product","link":"https:\/\/xexo.io\/pl\/i\/aneng-681-multimetr-bezkontaktowy-dla-ponownych-ladowan-tester-napiecia-ac-i-woltomierz-dla-pradu-stalego-z-ekranem-lcd\/","title":{"rendered":"&#8222;ANENG 681: Multimetr bezkontaktowy dla ponownych \u0142adowa\u0144, tester napi\u0119cia AC i woltomierz dla pr\u0105du sta\u0142ego z ekranem LCD.&#8221;"},"content":{"rendered":"","protected":false},"excerpt":{"rendered":"","protected":false},"featured_media":12165,"comment_status":"open","ping_status":"closed","template":"","meta":[],"product_cat":[1245],"product_tag":[],"class_list":{"0":"post-12166","1":"product","2":"type-product","3":"status-publish","4":"has-post-thumbnail","6":"product_cat-measurement-analysis-instruments","8":"first","9":"instock","10":"sale","11":"shipping-taxable","12":"product-type-external"},"_links":{"self":[{"href":"https:\/\/xexo.io\/pl\/wp-json\/wp\/v2\/product\/12166","targetHints":{"allow":["GET"]}}],"collection":[{"href":"https:\/\/xexo.io\/pl\/wp-json\/wp\/v2\/product"}],"about":[{"href":"https:\/\/xexo.io\/pl\/wp-json\/wp\/v2\/types\/product"}],"replies":[{"embeddable":true,"href":"https:\/\/xexo.io\/pl\/wp-json\/wp\/v2\/comments?post=12166"}],"wp:featuredmedia":[{"embeddable":true,"href":"https:\/\/xexo.io\/pl\/wp-json\/wp\/v2\/media\/12165"}],"wp:attachment":[{"href":"https:\/\/xexo.io\/pl\/wp-json\/wp\/v2\/media?parent=12166"}],"wp:term":[{"taxonomy":"product_cat","embeddable":true,"href":"https:\/\/xexo.io\/pl\/wp-json\/wp\/v2\/product_cat?post=12166"},{"taxonomy":"product_tag","embeddable":true,"href":"https:\/\/xexo.io\/pl\/wp-json\/wp\/v2\/product_tag?post=12166"}],"curies":[{"name":"wp","href":"https:\/\/api.w.org\/{rel}","templated":true}]}}