{"id":12160,"date":"2024-11-19T14:44:33","date_gmt":"2024-11-19T13:44:33","guid":{"rendered":"https:\/\/xexo.io\/pl\/i\/multi-styler-suszarka-lokowka-i-szczotka-na-gorace-wlosy\/"},"modified":"2024-11-19T14:44:33","modified_gmt":"2024-11-19T13:44:33","slug":"multi-styler-suszarka-lokowka-i-szczotka-na-gorace-wlosy","status":"publish","type":"product","link":"https:\/\/xexo.io\/pl\/i\/multi-styler-suszarka-lokowka-i-szczotka-na-gorace-wlosy\/","title":{"rendered":"Multi-Styler: Suszarka, Lok\u00f3wka i Szczotka na Gor\u0105ce W\u0142osy"},"content":{"rendered":"","protected":false},"excerpt":{"rendered":"","protected":false},"featured_media":12159,"comment_status":"open","ping_status":"closed","template":"","meta":[],"product_cat":[976],"product_tag":[],"class_list":{"0":"post-12160","1":"product","2":"type-product","3":"status-publish","4":"has-post-thumbnail","6":"product_cat-personal-care-appliances","8":"first","9":"instock","10":"shipping-taxable","11":"product-type-external"},"_links":{"self":[{"href":"https:\/\/xexo.io\/pl\/wp-json\/wp\/v2\/product\/12160","targetHints":{"allow":["GET"]}}],"collection":[{"href":"https:\/\/xexo.io\/pl\/wp-json\/wp\/v2\/product"}],"about":[{"href":"https:\/\/xexo.io\/pl\/wp-json\/wp\/v2\/types\/product"}],"replies":[{"embeddable":true,"href":"https:\/\/xexo.io\/pl\/wp-json\/wp\/v2\/comments?post=12160"}],"wp:featuredmedia":[{"embeddable":true,"href":"https:\/\/xexo.io\/pl\/wp-json\/wp\/v2\/media\/12159"}],"wp:attachment":[{"href":"https:\/\/xexo.io\/pl\/wp-json\/wp\/v2\/media?parent=12160"}],"wp:term":[{"taxonomy":"product_cat","embeddable":true,"href":"https:\/\/xexo.io\/pl\/wp-json\/wp\/v2\/product_cat?post=12160"},{"taxonomy":"product_tag","embeddable":true,"href":"https:\/\/xexo.io\/pl\/wp-json\/wp\/v2\/product_tag?post=12160"}],"curies":[{"name":"wp","href":"https:\/\/api.w.org\/{rel}","templated":true}]}}