{"id":12126,"date":"2024-11-19T14:43:17","date_gmt":"2024-11-19T13:43:17","guid":{"rendered":"https:\/\/xexo.io\/pl\/i\/led-nadmuchiwany-swiateczny-lampion-dla-ogrod-i-wnetrza\/"},"modified":"2024-11-19T14:43:17","modified_gmt":"2024-11-19T13:43:17","slug":"led-nadmuchiwany-swiateczny-lampion-dla-ogrod-i-wnetrza","status":"publish","type":"product","link":"https:\/\/xexo.io\/pl\/i\/led-nadmuchiwany-swiateczny-lampion-dla-ogrod-i-wnetrza\/","title":{"rendered":"&#8222;LED nadmuchiwany \u015bwi\u0105teczny lampion dla ogr\u00f3d i wn\u0119trza&#8221;"},"content":{"rendered":"","protected":false},"excerpt":{"rendered":"","protected":false},"featured_media":12125,"comment_status":"open","ping_status":"closed","template":"","meta":[],"product_cat":[1099],"product_tag":[],"class_list":{"0":"post-12126","1":"product","2":"type-product","3":"status-publish","4":"has-post-thumbnail","6":"product_cat-outdoor-fun-sports","8":"first","9":"instock","10":"sale","11":"shipping-taxable","12":"product-type-external"},"_links":{"self":[{"href":"https:\/\/xexo.io\/pl\/wp-json\/wp\/v2\/product\/12126","targetHints":{"allow":["GET"]}}],"collection":[{"href":"https:\/\/xexo.io\/pl\/wp-json\/wp\/v2\/product"}],"about":[{"href":"https:\/\/xexo.io\/pl\/wp-json\/wp\/v2\/types\/product"}],"replies":[{"embeddable":true,"href":"https:\/\/xexo.io\/pl\/wp-json\/wp\/v2\/comments?post=12126"}],"wp:featuredmedia":[{"embeddable":true,"href":"https:\/\/xexo.io\/pl\/wp-json\/wp\/v2\/media\/12125"}],"wp:attachment":[{"href":"https:\/\/xexo.io\/pl\/wp-json\/wp\/v2\/media?parent=12126"}],"wp:term":[{"taxonomy":"product_cat","embeddable":true,"href":"https:\/\/xexo.io\/pl\/wp-json\/wp\/v2\/product_cat?post=12126"},{"taxonomy":"product_tag","embeddable":true,"href":"https:\/\/xexo.io\/pl\/wp-json\/wp\/v2\/product_tag?post=12126"}],"curies":[{"name":"wp","href":"https:\/\/api.w.org\/{rel}","templated":true}]}}