{"id":12116,"date":"2024-11-19T14:37:20","date_gmt":"2024-11-19T13:37:20","guid":{"rendered":"https:\/\/xexo.io\/pl\/i\/maszynka-do-strzyzenia-wlosow-xiaomi-mijia-clipper-2\/"},"modified":"2024-11-19T14:37:20","modified_gmt":"2024-11-19T13:37:20","slug":"maszynka-do-strzyzenia-wlosow-xiaomi-mijia-clipper-2","status":"publish","type":"product","link":"https:\/\/xexo.io\/pl\/i\/maszynka-do-strzyzenia-wlosow-xiaomi-mijia-clipper-2\/","title":{"rendered":"Maszynka do Strzy\u017cenia W\u0142os\u00f3w Xiaomi Mijia Clipper 2"},"content":{"rendered":"","protected":false},"excerpt":{"rendered":"","protected":false},"featured_media":12115,"comment_status":"open","ping_status":"closed","template":"","meta":[],"product_cat":[976],"product_tag":[],"class_list":{"0":"post-12116","1":"product","2":"type-product","3":"status-publish","4":"has-post-thumbnail","6":"product_cat-personal-care-appliances","8":"first","9":"instock","10":"sale","11":"shipping-taxable","12":"product-type-external"},"_links":{"self":[{"href":"https:\/\/xexo.io\/pl\/wp-json\/wp\/v2\/product\/12116","targetHints":{"allow":["GET"]}}],"collection":[{"href":"https:\/\/xexo.io\/pl\/wp-json\/wp\/v2\/product"}],"about":[{"href":"https:\/\/xexo.io\/pl\/wp-json\/wp\/v2\/types\/product"}],"replies":[{"embeddable":true,"href":"https:\/\/xexo.io\/pl\/wp-json\/wp\/v2\/comments?post=12116"}],"wp:featuredmedia":[{"embeddable":true,"href":"https:\/\/xexo.io\/pl\/wp-json\/wp\/v2\/media\/12115"}],"wp:attachment":[{"href":"https:\/\/xexo.io\/pl\/wp-json\/wp\/v2\/media?parent=12116"}],"wp:term":[{"taxonomy":"product_cat","embeddable":true,"href":"https:\/\/xexo.io\/pl\/wp-json\/wp\/v2\/product_cat?post=12116"},{"taxonomy":"product_tag","embeddable":true,"href":"https:\/\/xexo.io\/pl\/wp-json\/wp\/v2\/product_tag?post=12116"}],"curies":[{"name":"wp","href":"https:\/\/api.w.org\/{rel}","templated":true}]}}