{"id":12098,"date":"2024-11-19T14:36:40","date_gmt":"2024-11-19T13:36:40","guid":{"rendered":"https:\/\/xexo.io\/pl\/i\/mlay-t14-laserowy-depilator-ipl-permanentne-usuniecie-wlosow-bezbolesny-bezpieczny-dla-twarzy-i-ciala\/"},"modified":"2024-11-19T14:36:40","modified_gmt":"2024-11-19T13:36:40","slug":"mlay-t14-laserowy-depilator-ipl-permanentne-usuniecie-wlosow-bezbolesny-bezpieczny-dla-twarzy-i-ciala","status":"publish","type":"product","link":"https:\/\/xexo.io\/pl\/i\/mlay-t14-laserowy-depilator-ipl-permanentne-usuniecie-wlosow-bezbolesny-bezpieczny-dla-twarzy-i-ciala\/","title":{"rendered":"&#8222;Mlay T14 Laserowy depilator IPL &#8211; Permanentne usuni\u0119cie w\u0142os\u00f3w, bezbolesny, bezpieczny dla twarzy i cia\u0142a&#8221;."},"content":{"rendered":"","protected":false},"excerpt":{"rendered":"","protected":false},"featured_media":12097,"comment_status":"open","ping_status":"closed","template":"","meta":[],"product_cat":[976],"product_tag":[],"class_list":{"0":"post-12098","1":"product","2":"type-product","3":"status-publish","4":"has-post-thumbnail","6":"product_cat-personal-care-appliances","8":"first","9":"instock","10":"shipping-taxable","11":"product-type-external"},"_links":{"self":[{"href":"https:\/\/xexo.io\/pl\/wp-json\/wp\/v2\/product\/12098","targetHints":{"allow":["GET"]}}],"collection":[{"href":"https:\/\/xexo.io\/pl\/wp-json\/wp\/v2\/product"}],"about":[{"href":"https:\/\/xexo.io\/pl\/wp-json\/wp\/v2\/types\/product"}],"replies":[{"embeddable":true,"href":"https:\/\/xexo.io\/pl\/wp-json\/wp\/v2\/comments?post=12098"}],"wp:featuredmedia":[{"embeddable":true,"href":"https:\/\/xexo.io\/pl\/wp-json\/wp\/v2\/media\/12097"}],"wp:attachment":[{"href":"https:\/\/xexo.io\/pl\/wp-json\/wp\/v2\/media?parent=12098"}],"wp:term":[{"taxonomy":"product_cat","embeddable":true,"href":"https:\/\/xexo.io\/pl\/wp-json\/wp\/v2\/product_cat?post=12098"},{"taxonomy":"product_tag","embeddable":true,"href":"https:\/\/xexo.io\/pl\/wp-json\/wp\/v2\/product_tag?post=12098"}],"curies":[{"name":"wp","href":"https:\/\/api.w.org\/{rel}","templated":true}]}}