{"id":12078,"date":"2024-11-19T14:36:01","date_gmt":"2024-11-19T13:36:01","guid":{"rendered":"https:\/\/xexo.io\/pl\/i\/masazer-elektryczny-na-szyje-i-cialo-powiezie\/"},"modified":"2024-11-19T14:36:01","modified_gmt":"2024-11-19T13:36:01","slug":"masazer-elektryczny-na-szyje-i-cialo-powiezie","status":"publish","type":"product","link":"https:\/\/xexo.io\/pl\/i\/masazer-elektryczny-na-szyje-i-cialo-powiezie\/","title":{"rendered":"Masa\u017cer Elektryczny na Szyj\u0119 i Cia\u0142o Powi\u0119zie"},"content":{"rendered":"","protected":false},"excerpt":{"rendered":"","protected":false},"featured_media":12077,"comment_status":"open","ping_status":"closed","template":"","meta":[],"product_cat":[1195],"product_tag":[],"class_list":{"0":"post-12078","1":"product","2":"type-product","3":"status-publish","4":"has-post-thumbnail","6":"product_cat-massage-relaxation","8":"first","9":"instock","10":"shipping-taxable","11":"product-type-external"},"_links":{"self":[{"href":"https:\/\/xexo.io\/pl\/wp-json\/wp\/v2\/product\/12078","targetHints":{"allow":["GET"]}}],"collection":[{"href":"https:\/\/xexo.io\/pl\/wp-json\/wp\/v2\/product"}],"about":[{"href":"https:\/\/xexo.io\/pl\/wp-json\/wp\/v2\/types\/product"}],"replies":[{"embeddable":true,"href":"https:\/\/xexo.io\/pl\/wp-json\/wp\/v2\/comments?post=12078"}],"wp:featuredmedia":[{"embeddable":true,"href":"https:\/\/xexo.io\/pl\/wp-json\/wp\/v2\/media\/12077"}],"wp:attachment":[{"href":"https:\/\/xexo.io\/pl\/wp-json\/wp\/v2\/media?parent=12078"}],"wp:term":[{"taxonomy":"product_cat","embeddable":true,"href":"https:\/\/xexo.io\/pl\/wp-json\/wp\/v2\/product_cat?post=12078"},{"taxonomy":"product_tag","embeddable":true,"href":"https:\/\/xexo.io\/pl\/wp-json\/wp\/v2\/product_tag?post=12078"}],"curies":[{"name":"wp","href":"https:\/\/api.w.org\/{rel}","templated":true}]}}