{"id":12052,"date":"2024-11-19T14:34:50","date_gmt":"2024-11-19T13:34:50","guid":{"rendered":"https:\/\/xexo.io\/pl\/i\/stacja-dokujaca-essager-8-w-1-hub-usb-z-przechowywaniem-dyskow-stacja-dokujaca-usb-c-na-hdmi-dla-macbook-pro-i-air-m1-m2\/"},"modified":"2024-11-19T14:34:50","modified_gmt":"2024-11-19T13:34:50","slug":"stacja-dokujaca-essager-8-w-1-hub-usb-z-przechowywaniem-dyskow-stacja-dokujaca-usb-c-na-hdmi-dla-macbook-pro-i-air-m1-m2","status":"publish","type":"product","link":"https:\/\/xexo.io\/pl\/i\/stacja-dokujaca-essager-8-w-1-hub-usb-z-przechowywaniem-dyskow-stacja-dokujaca-usb-c-na-hdmi-dla-macbook-pro-i-air-m1-m2\/","title":{"rendered":"Stacja dokuj\u0105ca Essager 8 w 1: Hub USB z przechowywaniem dysk\u00f3w, stacja dokuj\u0105ca USB-C na HDMI dla Macbook Pro i Air M1\/M2"},"content":{"rendered":"","protected":false},"excerpt":{"rendered":"","protected":false},"featured_media":12051,"comment_status":"open","ping_status":"closed","template":"","meta":[],"product_cat":[1226],"product_tag":[],"class_list":{"0":"post-12052","1":"product","2":"type-product","3":"status-publish","4":"has-post-thumbnail","6":"product_cat-mobile-phone-accessories","8":"first","9":"instock","10":"sale","11":"shipping-taxable","12":"product-type-external"},"_links":{"self":[{"href":"https:\/\/xexo.io\/pl\/wp-json\/wp\/v2\/product\/12052","targetHints":{"allow":["GET"]}}],"collection":[{"href":"https:\/\/xexo.io\/pl\/wp-json\/wp\/v2\/product"}],"about":[{"href":"https:\/\/xexo.io\/pl\/wp-json\/wp\/v2\/types\/product"}],"replies":[{"embeddable":true,"href":"https:\/\/xexo.io\/pl\/wp-json\/wp\/v2\/comments?post=12052"}],"wp:featuredmedia":[{"embeddable":true,"href":"https:\/\/xexo.io\/pl\/wp-json\/wp\/v2\/media\/12051"}],"wp:attachment":[{"href":"https:\/\/xexo.io\/pl\/wp-json\/wp\/v2\/media?parent=12052"}],"wp:term":[{"taxonomy":"product_cat","embeddable":true,"href":"https:\/\/xexo.io\/pl\/wp-json\/wp\/v2\/product_cat?post=12052"},{"taxonomy":"product_tag","embeddable":true,"href":"https:\/\/xexo.io\/pl\/wp-json\/wp\/v2\/product_tag?post=12052"}],"curies":[{"name":"wp","href":"https:\/\/api.w.org\/{rel}","templated":true}]}}