{"id":12044,"date":"2024-11-19T14:34:29","date_gmt":"2024-11-19T13:34:29","guid":{"rendered":"https:\/\/xexo.io\/pl\/i\/magcubic-hy450-projektor-ultra-krotka-odleglosc-8k-4k\/"},"modified":"2024-11-19T14:34:29","modified_gmt":"2024-11-19T13:34:29","slug":"magcubic-hy450-projektor-ultra-krotka-odleglosc-8k-4k","status":"publish","type":"product","link":"https:\/\/xexo.io\/pl\/i\/magcubic-hy450-projektor-ultra-krotka-odleglosc-8k-4k\/","title":{"rendered":"Magcubic HY450 Projektor Ultra Kr\u00f3tka Odleg\u0142o\u015b\u0107 8K\/4K"},"content":{"rendered":"","protected":false},"excerpt":{"rendered":"","protected":false},"featured_media":12043,"comment_status":"open","ping_status":"closed","template":"","meta":[],"product_cat":[1178],"product_tag":[],"class_list":{"0":"post-12044","1":"product","2":"type-product","3":"status-publish","4":"has-post-thumbnail","6":"product_cat-home-audio-video","8":"first","9":"instock","10":"sale","11":"shipping-taxable","12":"product-type-external"},"_links":{"self":[{"href":"https:\/\/xexo.io\/pl\/wp-json\/wp\/v2\/product\/12044","targetHints":{"allow":["GET"]}}],"collection":[{"href":"https:\/\/xexo.io\/pl\/wp-json\/wp\/v2\/product"}],"about":[{"href":"https:\/\/xexo.io\/pl\/wp-json\/wp\/v2\/types\/product"}],"replies":[{"embeddable":true,"href":"https:\/\/xexo.io\/pl\/wp-json\/wp\/v2\/comments?post=12044"}],"wp:featuredmedia":[{"embeddable":true,"href":"https:\/\/xexo.io\/pl\/wp-json\/wp\/v2\/media\/12043"}],"wp:attachment":[{"href":"https:\/\/xexo.io\/pl\/wp-json\/wp\/v2\/media?parent=12044"}],"wp:term":[{"taxonomy":"product_cat","embeddable":true,"href":"https:\/\/xexo.io\/pl\/wp-json\/wp\/v2\/product_cat?post=12044"},{"taxonomy":"product_tag","embeddable":true,"href":"https:\/\/xexo.io\/pl\/wp-json\/wp\/v2\/product_tag?post=12044"}],"curies":[{"name":"wp","href":"https:\/\/api.w.org\/{rel}","templated":true}]}}