{"id":11978,"date":"2024-11-19T14:31:49","date_gmt":"2024-11-19T13:31:49","guid":{"rendered":"https:\/\/xexo.io\/pl\/i\/timemore-reczny-mlynek-do-kawy-wysoka-jakosc-przenosny\/"},"modified":"2024-11-19T14:31:49","modified_gmt":"2024-11-19T13:31:49","slug":"timemore-reczny-mlynek-do-kawy-wysoka-jakosc-przenosny","status":"publish","type":"product","link":"https:\/\/xexo.io\/pl\/i\/timemore-reczny-mlynek-do-kawy-wysoka-jakosc-przenosny\/","title":{"rendered":"&#8222;TIMEMORE: R\u0119czny m\u0142ynek do kawy, Wysoka jako\u015b\u0107, Przeno\u015bny&#8221;"},"content":{"rendered":"","protected":false},"excerpt":{"rendered":"","protected":false},"featured_media":11977,"comment_status":"open","ping_status":"closed","template":"","meta":[],"product_cat":[1039],"product_tag":[],"class_list":{"0":"post-11978","1":"product","2":"type-product","3":"status-publish","4":"has-post-thumbnail","6":"product_cat-kitchendining-bar","8":"first","9":"instock","10":"sale","11":"shipping-taxable","12":"product-type-external"},"_links":{"self":[{"href":"https:\/\/xexo.io\/pl\/wp-json\/wp\/v2\/product\/11978","targetHints":{"allow":["GET"]}}],"collection":[{"href":"https:\/\/xexo.io\/pl\/wp-json\/wp\/v2\/product"}],"about":[{"href":"https:\/\/xexo.io\/pl\/wp-json\/wp\/v2\/types\/product"}],"replies":[{"embeddable":true,"href":"https:\/\/xexo.io\/pl\/wp-json\/wp\/v2\/comments?post=11978"}],"wp:featuredmedia":[{"embeddable":true,"href":"https:\/\/xexo.io\/pl\/wp-json\/wp\/v2\/media\/11977"}],"wp:attachment":[{"href":"https:\/\/xexo.io\/pl\/wp-json\/wp\/v2\/media?parent=11978"}],"wp:term":[{"taxonomy":"product_cat","embeddable":true,"href":"https:\/\/xexo.io\/pl\/wp-json\/wp\/v2\/product_cat?post=11978"},{"taxonomy":"product_tag","embeddable":true,"href":"https:\/\/xexo.io\/pl\/wp-json\/wp\/v2\/product_tag?post=11978"}],"curies":[{"name":"wp","href":"https:\/\/api.w.org\/{rel}","templated":true}]}}