{"id":11936,"date":"2024-11-19T14:29:29","date_gmt":"2024-11-19T13:29:29","guid":{"rendered":"https:\/\/xexo.io\/pl\/i\/plyta-glowna-qiyida-x99-z-procesorem-xeon-e5-2630-v4-i-16gb-ddr4-reg-ecc-ram\/"},"modified":"2024-11-19T14:29:29","modified_gmt":"2024-11-19T13:29:29","slug":"plyta-glowna-qiyida-x99-z-procesorem-xeon-e5-2630-v4-i-16gb-ddr4-reg-ecc-ram","status":"publish","type":"product","link":"https:\/\/xexo.io\/pl\/i\/plyta-glowna-qiyida-x99-z-procesorem-xeon-e5-2630-v4-i-16gb-ddr4-reg-ecc-ram\/","title":{"rendered":"P\u0142yta g\u0142\u00f3wna QIYIDA X99 z procesorem Xeon E5 2630 V4 i 16GB DDR4 REG ECC RAM"},"content":{"rendered":"","protected":false},"excerpt":{"rendered":"","protected":false},"featured_media":11935,"comment_status":"open","ping_status":"closed","template":"","meta":[],"product_cat":[990],"product_tag":[],"class_list":{"0":"post-11936","1":"product","2":"type-product","3":"status-publish","4":"has-post-thumbnail","6":"product_cat-computer-components","8":"first","9":"instock","10":"sale","11":"shipping-taxable","12":"product-type-external"},"_links":{"self":[{"href":"https:\/\/xexo.io\/pl\/wp-json\/wp\/v2\/product\/11936","targetHints":{"allow":["GET"]}}],"collection":[{"href":"https:\/\/xexo.io\/pl\/wp-json\/wp\/v2\/product"}],"about":[{"href":"https:\/\/xexo.io\/pl\/wp-json\/wp\/v2\/types\/product"}],"replies":[{"embeddable":true,"href":"https:\/\/xexo.io\/pl\/wp-json\/wp\/v2\/comments?post=11936"}],"wp:featuredmedia":[{"embeddable":true,"href":"https:\/\/xexo.io\/pl\/wp-json\/wp\/v2\/media\/11935"}],"wp:attachment":[{"href":"https:\/\/xexo.io\/pl\/wp-json\/wp\/v2\/media?parent=11936"}],"wp:term":[{"taxonomy":"product_cat","embeddable":true,"href":"https:\/\/xexo.io\/pl\/wp-json\/wp\/v2\/product_cat?post=11936"},{"taxonomy":"product_tag","embeddable":true,"href":"https:\/\/xexo.io\/pl\/wp-json\/wp\/v2\/product_tag?post=11936"}],"curies":[{"name":"wp","href":"https:\/\/api.w.org\/{rel}","templated":true}]}}