{"id":11928,"date":"2024-11-19T14:29:11","date_gmt":"2024-11-19T13:29:11","guid":{"rendered":"https:\/\/xexo.io\/pl\/i\/siodelko-rowerowe-3d-drukowane-z-ultralekkiego-wlokna-wegla-wygodne-i-oddychajace-dla-mtb-gravel-szosowego\/"},"modified":"2024-11-19T14:29:11","modified_gmt":"2024-11-19T13:29:11","slug":"siodelko-rowerowe-3d-drukowane-z-ultralekkiego-wlokna-wegla-wygodne-i-oddychajace-dla-mtb-gravel-szosowego","status":"publish","type":"product","link":"https:\/\/xexo.io\/pl\/i\/siodelko-rowerowe-3d-drukowane-z-ultralekkiego-wlokna-wegla-wygodne-i-oddychajace-dla-mtb-gravel-szosowego\/","title":{"rendered":"&#8222;Siode\u0142ko rowerowe 3D Drukowane z ultralekkiego w\u0142\u00f3kna w\u0119gla, wygodne i oddychaj\u0105ce dla MTB\/Gravel\/Szosowego&#8221;."},"content":{"rendered":"","protected":false},"excerpt":{"rendered":"","protected":false},"featured_media":11927,"comment_status":"open","ping_status":"closed","template":"","meta":[],"product_cat":[1051],"product_tag":[],"class_list":{"0":"post-11928","1":"product","2":"type-product","3":"status-publish","4":"has-post-thumbnail","6":"product_cat-cycling","8":"first","9":"instock","10":"sale","11":"shipping-taxable","12":"product-type-external"},"_links":{"self":[{"href":"https:\/\/xexo.io\/pl\/wp-json\/wp\/v2\/product\/11928","targetHints":{"allow":["GET"]}}],"collection":[{"href":"https:\/\/xexo.io\/pl\/wp-json\/wp\/v2\/product"}],"about":[{"href":"https:\/\/xexo.io\/pl\/wp-json\/wp\/v2\/types\/product"}],"replies":[{"embeddable":true,"href":"https:\/\/xexo.io\/pl\/wp-json\/wp\/v2\/comments?post=11928"}],"wp:featuredmedia":[{"embeddable":true,"href":"https:\/\/xexo.io\/pl\/wp-json\/wp\/v2\/media\/11927"}],"wp:attachment":[{"href":"https:\/\/xexo.io\/pl\/wp-json\/wp\/v2\/media?parent=11928"}],"wp:term":[{"taxonomy":"product_cat","embeddable":true,"href":"https:\/\/xexo.io\/pl\/wp-json\/wp\/v2\/product_cat?post=11928"},{"taxonomy":"product_tag","embeddable":true,"href":"https:\/\/xexo.io\/pl\/wp-json\/wp\/v2\/product_tag?post=11928"}],"curies":[{"name":"wp","href":"https:\/\/api.w.org\/{rel}","templated":true}]}}