{"id":11914,"date":"2024-11-19T14:28:42","date_gmt":"2024-11-19T13:28:42","guid":{"rendered":"https:\/\/xexo.io\/pl\/i\/stozak-suszacy-dla-naczyn-kitchenowych\/"},"modified":"2024-11-19T14:28:42","modified_gmt":"2024-11-19T13:28:42","slug":"stozak-suszacy-dla-naczyn-kitchenowych","status":"publish","type":"product","link":"https:\/\/xexo.io\/pl\/i\/stozak-suszacy-dla-naczyn-kitchenowych\/","title":{"rendered":"Sto\u017cak susz\u0105cy dla naczy\u0144 kitchenowych"},"content":{"rendered":"","protected":false},"excerpt":{"rendered":"","protected":false},"featured_media":11913,"comment_status":"open","ping_status":"closed","template":"","meta":[],"product_cat":[1037],"product_tag":[],"class_list":{"0":"post-11914","1":"product","2":"type-product","3":"status-publish","4":"has-post-thumbnail","6":"product_cat-home-storage-organization","8":"first","9":"instock","10":"shipping-taxable","11":"product-type-external"},"_links":{"self":[{"href":"https:\/\/xexo.io\/pl\/wp-json\/wp\/v2\/product\/11914","targetHints":{"allow":["GET"]}}],"collection":[{"href":"https:\/\/xexo.io\/pl\/wp-json\/wp\/v2\/product"}],"about":[{"href":"https:\/\/xexo.io\/pl\/wp-json\/wp\/v2\/types\/product"}],"replies":[{"embeddable":true,"href":"https:\/\/xexo.io\/pl\/wp-json\/wp\/v2\/comments?post=11914"}],"wp:featuredmedia":[{"embeddable":true,"href":"https:\/\/xexo.io\/pl\/wp-json\/wp\/v2\/media\/11913"}],"wp:attachment":[{"href":"https:\/\/xexo.io\/pl\/wp-json\/wp\/v2\/media?parent=11914"}],"wp:term":[{"taxonomy":"product_cat","embeddable":true,"href":"https:\/\/xexo.io\/pl\/wp-json\/wp\/v2\/product_cat?post=11914"},{"taxonomy":"product_tag","embeddable":true,"href":"https:\/\/xexo.io\/pl\/wp-json\/wp\/v2\/product_tag?post=11914"}],"curies":[{"name":"wp","href":"https:\/\/api.w.org\/{rel}","templated":true}]}}