{"id":11874,"date":"2024-11-19T14:24:46","date_gmt":"2024-11-19T13:24:46","guid":{"rendered":"https:\/\/xexo.io\/pl\/i\/plyta-glowna-machinist-b450-am4-ddr4-m-2-nvme\/"},"modified":"2024-11-19T14:24:46","modified_gmt":"2024-11-19T13:24:46","slug":"plyta-glowna-machinist-b450-am4-ddr4-m-2-nvme","status":"publish","type":"product","link":"https:\/\/xexo.io\/pl\/i\/plyta-glowna-machinist-b450-am4-ddr4-m-2-nvme\/","title":{"rendered":"P\u0142yta g\u0142\u00f3wna Machinist B450: AM4, DDR4, M.2 NVMe"},"content":{"rendered":"","protected":false},"excerpt":{"rendered":"","protected":false},"featured_media":11873,"comment_status":"open","ping_status":"closed","template":"","meta":[],"product_cat":[990],"product_tag":[],"class_list":{"0":"post-11874","1":"product","2":"type-product","3":"status-publish","4":"has-post-thumbnail","6":"product_cat-computer-components","8":"first","9":"instock","10":"sale","11":"shipping-taxable","12":"product-type-external"},"_links":{"self":[{"href":"https:\/\/xexo.io\/pl\/wp-json\/wp\/v2\/product\/11874","targetHints":{"allow":["GET"]}}],"collection":[{"href":"https:\/\/xexo.io\/pl\/wp-json\/wp\/v2\/product"}],"about":[{"href":"https:\/\/xexo.io\/pl\/wp-json\/wp\/v2\/types\/product"}],"replies":[{"embeddable":true,"href":"https:\/\/xexo.io\/pl\/wp-json\/wp\/v2\/comments?post=11874"}],"wp:featuredmedia":[{"embeddable":true,"href":"https:\/\/xexo.io\/pl\/wp-json\/wp\/v2\/media\/11873"}],"wp:attachment":[{"href":"https:\/\/xexo.io\/pl\/wp-json\/wp\/v2\/media?parent=11874"}],"wp:term":[{"taxonomy":"product_cat","embeddable":true,"href":"https:\/\/xexo.io\/pl\/wp-json\/wp\/v2\/product_cat?post=11874"},{"taxonomy":"product_tag","embeddable":true,"href":"https:\/\/xexo.io\/pl\/wp-json\/wp\/v2\/product_tag?post=11874"}],"curies":[{"name":"wp","href":"https:\/\/api.w.org\/{rel}","templated":true}]}}