{"id":11860,"date":"2024-11-19T14:24:15","date_gmt":"2024-11-19T13:24:15","guid":{"rendered":"https:\/\/xexo.io\/pl\/i\/projektor-magcubic-580ansi-android-11-4k-1080p-wifi6tytul-ma-dlugosc-60-znakow-i-zawiera-kluczowe-funkcjonalnosci-produktu\/"},"modified":"2024-11-19T14:24:15","modified_gmt":"2024-11-19T13:24:15","slug":"projektor-magcubic-580ansi-android-11-4k-1080p-wifi6tytul-ma-dlugosc-60-znakow-i-zawiera-kluczowe-funkcjonalnosci-produktu","status":"publish","type":"product","link":"https:\/\/xexo.io\/pl\/i\/projektor-magcubic-580ansi-android-11-4k-1080p-wifi6tytul-ma-dlugosc-60-znakow-i-zawiera-kluczowe-funkcjonalnosci-produktu\/","title":{"rendered":"&#8222;Projektor Magcubic 580ANSI Android 11 4K\/1080p WiFi6&#8221;\n\n(Tytu\u0142 ma d\u0142ugo\u015b\u0107 60 znak\u00f3w i zawiera kluczowe funkcjonalno\u015bci produktu)"},"content":{"rendered":"","protected":false},"excerpt":{"rendered":"","protected":false},"featured_media":11859,"comment_status":"open","ping_status":"closed","template":"","meta":[],"product_cat":[1178],"product_tag":[],"class_list":{"0":"post-11860","1":"product","2":"type-product","3":"status-publish","4":"has-post-thumbnail","6":"product_cat-home-audio-video","8":"first","9":"instock","10":"sale","11":"shipping-taxable","12":"product-type-external"},"_links":{"self":[{"href":"https:\/\/xexo.io\/pl\/wp-json\/wp\/v2\/product\/11860","targetHints":{"allow":["GET"]}}],"collection":[{"href":"https:\/\/xexo.io\/pl\/wp-json\/wp\/v2\/product"}],"about":[{"href":"https:\/\/xexo.io\/pl\/wp-json\/wp\/v2\/types\/product"}],"replies":[{"embeddable":true,"href":"https:\/\/xexo.io\/pl\/wp-json\/wp\/v2\/comments?post=11860"}],"wp:featuredmedia":[{"embeddable":true,"href":"https:\/\/xexo.io\/pl\/wp-json\/wp\/v2\/media\/11859"}],"wp:attachment":[{"href":"https:\/\/xexo.io\/pl\/wp-json\/wp\/v2\/media?parent=11860"}],"wp:term":[{"taxonomy":"product_cat","embeddable":true,"href":"https:\/\/xexo.io\/pl\/wp-json\/wp\/v2\/product_cat?post=11860"},{"taxonomy":"product_tag","embeddable":true,"href":"https:\/\/xexo.io\/pl\/wp-json\/wp\/v2\/product_tag?post=11860"}],"curies":[{"name":"wp","href":"https:\/\/api.w.org\/{rel}","templated":true}]}}