{"id":11840,"date":"2024-11-19T14:23:29","date_gmt":"2024-11-19T13:23:29","guid":{"rendered":"https:\/\/xexo.io\/pl\/i\/plyta-glowna-zsus-x99-8d4-z-procesorem-xeon-e5-2650-v4-ddr4-16gb-i-nvme-m-2\/"},"modified":"2024-11-19T14:23:29","modified_gmt":"2024-11-19T13:23:29","slug":"plyta-glowna-zsus-x99-8d4-z-procesorem-xeon-e5-2650-v4-ddr4-16gb-i-nvme-m-2","status":"publish","type":"product","link":"https:\/\/xexo.io\/pl\/i\/plyta-glowna-zsus-x99-8d4-z-procesorem-xeon-e5-2650-v4-ddr4-16gb-i-nvme-m-2\/","title":{"rendered":"P\u0142yta g\u0142\u00f3wna ZSUS X99-8D4 z procesorem Xeon E5-2650 V4, DDR4 16GB i NVMe M.2"},"content":{"rendered":"","protected":false},"excerpt":{"rendered":"","protected":false},"featured_media":11839,"comment_status":"open","ping_status":"closed","template":"","meta":[],"product_cat":[990],"product_tag":[],"class_list":{"0":"post-11840","1":"product","2":"type-product","3":"status-publish","4":"has-post-thumbnail","6":"product_cat-computer-components","8":"first","9":"instock","10":"sale","11":"shipping-taxable","12":"product-type-external"},"_links":{"self":[{"href":"https:\/\/xexo.io\/pl\/wp-json\/wp\/v2\/product\/11840","targetHints":{"allow":["GET"]}}],"collection":[{"href":"https:\/\/xexo.io\/pl\/wp-json\/wp\/v2\/product"}],"about":[{"href":"https:\/\/xexo.io\/pl\/wp-json\/wp\/v2\/types\/product"}],"replies":[{"embeddable":true,"href":"https:\/\/xexo.io\/pl\/wp-json\/wp\/v2\/comments?post=11840"}],"wp:featuredmedia":[{"embeddable":true,"href":"https:\/\/xexo.io\/pl\/wp-json\/wp\/v2\/media\/11839"}],"wp:attachment":[{"href":"https:\/\/xexo.io\/pl\/wp-json\/wp\/v2\/media?parent=11840"}],"wp:term":[{"taxonomy":"product_cat","embeddable":true,"href":"https:\/\/xexo.io\/pl\/wp-json\/wp\/v2\/product_cat?post=11840"},{"taxonomy":"product_tag","embeddable":true,"href":"https:\/\/xexo.io\/pl\/wp-json\/wp\/v2\/product_tag?post=11840"}],"curies":[{"name":"wp","href":"https:\/\/api.w.org\/{rel}","templated":true}]}}