{"id":11814,"date":"2024-11-19T14:22:09","date_gmt":"2024-11-19T13:22:09","guid":{"rendered":"https:\/\/xexo.io\/pl\/i\/maszynka-do-strzyzenia-wlosow-vgr-profesjonalna\/"},"modified":"2024-11-19T14:22:09","modified_gmt":"2024-11-19T13:22:09","slug":"maszynka-do-strzyzenia-wlosow-vgr-profesjonalna","status":"publish","type":"product","link":"https:\/\/xexo.io\/pl\/i\/maszynka-do-strzyzenia-wlosow-vgr-profesjonalna\/","title":{"rendered":"Maszynka do strzy\u017cenia w\u0142os\u00f3w VGR profesjonalna"},"content":{"rendered":"","protected":false},"excerpt":{"rendered":"","protected":false},"featured_media":11813,"comment_status":"open","ping_status":"closed","template":"","meta":[],"product_cat":[976],"product_tag":[],"class_list":{"0":"post-11814","1":"product","2":"type-product","3":"status-publish","4":"has-post-thumbnail","6":"product_cat-personal-care-appliances","8":"first","9":"instock","10":"sale","11":"shipping-taxable","12":"product-type-external"},"_links":{"self":[{"href":"https:\/\/xexo.io\/pl\/wp-json\/wp\/v2\/product\/11814","targetHints":{"allow":["GET"]}}],"collection":[{"href":"https:\/\/xexo.io\/pl\/wp-json\/wp\/v2\/product"}],"about":[{"href":"https:\/\/xexo.io\/pl\/wp-json\/wp\/v2\/types\/product"}],"replies":[{"embeddable":true,"href":"https:\/\/xexo.io\/pl\/wp-json\/wp\/v2\/comments?post=11814"}],"wp:featuredmedia":[{"embeddable":true,"href":"https:\/\/xexo.io\/pl\/wp-json\/wp\/v2\/media\/11813"}],"wp:attachment":[{"href":"https:\/\/xexo.io\/pl\/wp-json\/wp\/v2\/media?parent=11814"}],"wp:term":[{"taxonomy":"product_cat","embeddable":true,"href":"https:\/\/xexo.io\/pl\/wp-json\/wp\/v2\/product_cat?post=11814"},{"taxonomy":"product_tag","embeddable":true,"href":"https:\/\/xexo.io\/pl\/wp-json\/wp\/v2\/product_tag?post=11814"}],"curies":[{"name":"wp","href":"https:\/\/api.w.org\/{rel}","templated":true}]}}