{"id":11810,"date":"2024-11-19T14:22:00","date_gmt":"2024-11-19T13:22:00","guid":{"rendered":"https:\/\/xexo.io\/pl\/i\/mocny-okret-wojenny-czarnej-perly-zaglowka-zestaw-zabawkowy-z-klockami-moc-4195\/"},"modified":"2024-11-19T14:22:00","modified_gmt":"2024-11-19T13:22:00","slug":"mocny-okret-wojenny-czarnej-perly-zaglowka-zestaw-zabawkowy-z-klockami-moc-4195","status":"publish","type":"product","link":"https:\/\/xexo.io\/pl\/i\/mocny-okret-wojenny-czarnej-perly-zaglowka-zestaw-zabawkowy-z-klockami-moc-4195\/","title":{"rendered":"&#8222;Mocny Okr\u0119t Wojenny Czarnej Per\u0142y \u017bagl\u00f3wka, Zestaw Zabawkowy z Klockami MOC 4195&#8221;"},"content":{"rendered":"","protected":false},"excerpt":{"rendered":"","protected":false},"featured_media":11809,"comment_status":"open","ping_status":"closed","template":"","meta":[],"product_cat":[1097],"product_tag":[],"class_list":{"0":"post-11810","1":"product","2":"type-product","3":"status-publish","4":"has-post-thumbnail","6":"product_cat-building-construction-toys","8":"first","9":"instock","10":"shipping-taxable","11":"product-type-external"},"_links":{"self":[{"href":"https:\/\/xexo.io\/pl\/wp-json\/wp\/v2\/product\/11810","targetHints":{"allow":["GET"]}}],"collection":[{"href":"https:\/\/xexo.io\/pl\/wp-json\/wp\/v2\/product"}],"about":[{"href":"https:\/\/xexo.io\/pl\/wp-json\/wp\/v2\/types\/product"}],"replies":[{"embeddable":true,"href":"https:\/\/xexo.io\/pl\/wp-json\/wp\/v2\/comments?post=11810"}],"wp:featuredmedia":[{"embeddable":true,"href":"https:\/\/xexo.io\/pl\/wp-json\/wp\/v2\/media\/11809"}],"wp:attachment":[{"href":"https:\/\/xexo.io\/pl\/wp-json\/wp\/v2\/media?parent=11810"}],"wp:term":[{"taxonomy":"product_cat","embeddable":true,"href":"https:\/\/xexo.io\/pl\/wp-json\/wp\/v2\/product_cat?post=11810"},{"taxonomy":"product_tag","embeddable":true,"href":"https:\/\/xexo.io\/pl\/wp-json\/wp\/v2\/product_tag?post=11810"}],"curies":[{"name":"wp","href":"https:\/\/api.w.org\/{rel}","templated":true}]}}