{"id":11808,"date":"2024-11-19T14:21:54","date_gmt":"2024-11-19T13:21:54","guid":{"rendered":"https:\/\/xexo.io\/pl\/i\/mech-bluetooth-keyboard-wbudowany-wyswietlacz-i-przycisk-kontroli-dzwieku\/"},"modified":"2024-11-19T14:21:54","modified_gmt":"2024-11-19T13:21:54","slug":"mech-bluetooth-keyboard-wbudowany-wyswietlacz-i-przycisk-kontroli-dzwieku","status":"publish","type":"product","link":"https:\/\/xexo.io\/pl\/i\/mech-bluetooth-keyboard-wbudowany-wyswietlacz-i-przycisk-kontroli-dzwieku\/","title":{"rendered":"Mech. Bluetooth Keyboard wbudowany wy\u015bwietlacz i przycisk kontroli d\u017awi\u0119ku"},"content":{"rendered":"","protected":false},"excerpt":{"rendered":"","protected":false},"featured_media":11807,"comment_status":"open","ping_status":"closed","template":"","meta":[],"product_cat":[987],"product_tag":[],"class_list":{"0":"post-11808","1":"product","2":"type-product","3":"status-publish","4":"has-post-thumbnail","6":"product_cat-computer-peripherals","8":"first","9":"instock","10":"sale","11":"shipping-taxable","12":"product-type-external"},"_links":{"self":[{"href":"https:\/\/xexo.io\/pl\/wp-json\/wp\/v2\/product\/11808","targetHints":{"allow":["GET"]}}],"collection":[{"href":"https:\/\/xexo.io\/pl\/wp-json\/wp\/v2\/product"}],"about":[{"href":"https:\/\/xexo.io\/pl\/wp-json\/wp\/v2\/types\/product"}],"replies":[{"embeddable":true,"href":"https:\/\/xexo.io\/pl\/wp-json\/wp\/v2\/comments?post=11808"}],"wp:featuredmedia":[{"embeddable":true,"href":"https:\/\/xexo.io\/pl\/wp-json\/wp\/v2\/media\/11807"}],"wp:attachment":[{"href":"https:\/\/xexo.io\/pl\/wp-json\/wp\/v2\/media?parent=11808"}],"wp:term":[{"taxonomy":"product_cat","embeddable":true,"href":"https:\/\/xexo.io\/pl\/wp-json\/wp\/v2\/product_cat?post=11808"},{"taxonomy":"product_tag","embeddable":true,"href":"https:\/\/xexo.io\/pl\/wp-json\/wp\/v2\/product_tag?post=11808"}],"curies":[{"name":"wp","href":"https:\/\/api.w.org\/{rel}","templated":true}]}}